{"id":138,"date":"2021-07-15T12:31:25","date_gmt":"2021-07-15T10:31:25","guid":{"rendered":"https:\/\/medtradix.de\/kontakt\/"},"modified":"2024-03-18T16:14:46","modified_gmt":"2024-03-18T15:14:46","slug":"contact-us","status":"publish","type":"page","link":"https:\/\/medtradix.de\/en\/contact-us\/","title":{"rendered":"Contact us"},"content":{"rendered":"","protected":false},"excerpt":{"rendered":"","protected":false},"author":2,"featured_media":0,"parent":0,"menu_order":0,"comment_status":"closed","ping_status":"closed","template":"","meta":{"inline_featured_image":false,"footnotes":""},"class_list":["post-138","page","type-page","status-publish","hentry"],"yoast_head":"<!-- This site is optimized with the Yoast SEO plugin v27.6 - https:\/\/yoast.com\/product\/yoast-seo-wordpress\/ -->\n<title>medtradix \u2013 Fachgro\u00dfh\u00e4ndler f\u00fcr medizinische Produkte<\/title>\n<meta name=\"description\" content=\"Profitieren Sie von unserer jahrelangen Erfahrung im Apothekensegment. medtradix GmbH ist der starker Partner an Ihrer Seite.\" \/>\n<meta name=\"robots\" content=\"index, follow, max-snippet:-1, max-image-preview:large, max-video-preview:-1\" \/>\n<link rel=\"canonical\" href=\"https:\/\/medtradix.de\/en\/contact-us\/\" \/>\n<meta property=\"og:locale\" content=\"en_US\" \/>\n<meta property=\"og:type\" content=\"article\" \/>\n<meta property=\"og:title\" content=\"medtradix \u2013 Fachgro\u00dfh\u00e4ndler f\u00fcr medizinische Produkte\" \/>\n<meta property=\"og:description\" content=\"Profitieren Sie von unserer jahrelangen Erfahrung im Apothekensegment. medtradix GmbH ist der starker Partner an Ihrer Seite.\" \/>\n<meta property=\"og:url\" content=\"https:\/\/medtradix.de\/en\/contact-us\/\" \/>\n<meta property=\"og:site_name\" content=\"medtradix\" \/>\n<meta property=\"article:modified_time\" content=\"2024-03-18T15:14:46+00:00\" \/>\n<meta name=\"twitter:card\" content=\"summary_large_image\" \/>\n<script type=\"application\/ld+json\" class=\"yoast-schema-graph\">{\"@context\":\"https:\\\/\\\/schema.org\",\"@graph\":[{\"@type\":\"WebPage\",\"@id\":\"https:\\\/\\\/medtradix.de\\\/en\\\/contact-us\\\/\",\"url\":\"https:\\\/\\\/medtradix.de\\\/en\\\/contact-us\\\/\",\"name\":\"medtradix \u2013 Fachgro\u00dfh\u00e4ndler f\u00fcr medizinische Produkte\",\"isPartOf\":{\"@id\":\"https:\\\/\\\/medtradix.de\\\/en\\\/#website\"},\"datePublished\":\"2021-07-15T10:31:25+00:00\",\"dateModified\":\"2024-03-18T15:14:46+00:00\",\"description\":\"Profitieren Sie von unserer jahrelangen Erfahrung im Apothekensegment. medtradix GmbH ist der starker Partner an Ihrer Seite.\",\"breadcrumb\":{\"@id\":\"https:\\\/\\\/medtradix.de\\\/en\\\/contact-us\\\/#breadcrumb\"},\"inLanguage\":\"en-US\",\"potentialAction\":[{\"@type\":\"ReadAction\",\"target\":[\"https:\\\/\\\/medtradix.de\\\/en\\\/contact-us\\\/\"]}]},{\"@type\":\"BreadcrumbList\",\"@id\":\"https:\\\/\\\/medtradix.de\\\/en\\\/contact-us\\\/#breadcrumb\",\"itemListElement\":[{\"@type\":\"ListItem\",\"position\":1,\"name\":\"Startseite\",\"item\":\"https:\\\/\\\/medtradix.de\\\/en\\\/\"},{\"@type\":\"ListItem\",\"position\":2,\"name\":\"Contact us\"}]},{\"@type\":\"WebSite\",\"@id\":\"https:\\\/\\\/medtradix.de\\\/en\\\/#website\",\"url\":\"https:\\\/\\\/medtradix.de\\\/en\\\/\",\"name\":\"medtradix\",\"description\":\"Der Gro\u00dfhandel Ihres Vertrauens.\",\"potentialAction\":[{\"@type\":\"SearchAction\",\"target\":{\"@type\":\"EntryPoint\",\"urlTemplate\":\"https:\\\/\\\/medtradix.de\\\/en\\\/?s={search_term_string}\"},\"query-input\":{\"@type\":\"PropertyValueSpecification\",\"valueRequired\":true,\"valueName\":\"search_term_string\"}}],\"inLanguage\":\"en-US\"}]}<\/script>\n<!-- \/ Yoast SEO plugin. -->","yoast_head_json":{"title":"medtradix \u2013 Fachgro\u00dfh\u00e4ndler f\u00fcr medizinische Produkte","description":"Profitieren Sie von unserer jahrelangen Erfahrung im Apothekensegment. medtradix GmbH ist der starker Partner an Ihrer Seite.","robots":{"index":"index","follow":"follow","max-snippet":"max-snippet:-1","max-image-preview":"max-image-preview:large","max-video-preview":"max-video-preview:-1"},"canonical":"https:\/\/medtradix.de\/en\/contact-us\/","og_locale":"en_US","og_type":"article","og_title":"medtradix \u2013 Fachgro\u00dfh\u00e4ndler f\u00fcr medizinische Produkte","og_description":"Profitieren Sie von unserer jahrelangen Erfahrung im Apothekensegment. medtradix GmbH ist der starker Partner an Ihrer Seite.","og_url":"https:\/\/medtradix.de\/en\/contact-us\/","og_site_name":"medtradix","article_modified_time":"2024-03-18T15:14:46+00:00","twitter_card":"summary_large_image","schema":{"@context":"https:\/\/schema.org","@graph":[{"@type":"WebPage","@id":"https:\/\/medtradix.de\/en\/contact-us\/","url":"https:\/\/medtradix.de\/en\/contact-us\/","name":"medtradix \u2013 Fachgro\u00dfh\u00e4ndler f\u00fcr medizinische Produkte","isPartOf":{"@id":"https:\/\/medtradix.de\/en\/#website"},"datePublished":"2021-07-15T10:31:25+00:00","dateModified":"2024-03-18T15:14:46+00:00","description":"Profitieren Sie von unserer jahrelangen Erfahrung im Apothekensegment. medtradix GmbH ist der starker Partner an Ihrer Seite.","breadcrumb":{"@id":"https:\/\/medtradix.de\/en\/contact-us\/#breadcrumb"},"inLanguage":"en-US","potentialAction":[{"@type":"ReadAction","target":["https:\/\/medtradix.de\/en\/contact-us\/"]}]},{"@type":"BreadcrumbList","@id":"https:\/\/medtradix.de\/en\/contact-us\/#breadcrumb","itemListElement":[{"@type":"ListItem","position":1,"name":"Startseite","item":"https:\/\/medtradix.de\/en\/"},{"@type":"ListItem","position":2,"name":"Contact us"}]},{"@type":"WebSite","@id":"https:\/\/medtradix.de\/en\/#website","url":"https:\/\/medtradix.de\/en\/","name":"medtradix","description":"Der Gro\u00dfhandel Ihres Vertrauens.","potentialAction":[{"@type":"SearchAction","target":{"@type":"EntryPoint","urlTemplate":"https:\/\/medtradix.de\/en\/?s={search_term_string}"},"query-input":{"@type":"PropertyValueSpecification","valueRequired":true,"valueName":"search_term_string"}}],"inLanguage":"en-US"}]}},"_links":{"self":[{"href":"https:\/\/medtradix.de\/en\/wp-json\/wp\/v2\/pages\/138","targetHints":{"allow":["GET"]}}],"collection":[{"href":"https:\/\/medtradix.de\/en\/wp-json\/wp\/v2\/pages"}],"about":[{"href":"https:\/\/medtradix.de\/en\/wp-json\/wp\/v2\/types\/page"}],"author":[{"embeddable":true,"href":"https:\/\/medtradix.de\/en\/wp-json\/wp\/v2\/users\/2"}],"replies":[{"embeddable":true,"href":"https:\/\/medtradix.de\/en\/wp-json\/wp\/v2\/comments?post=138"}],"version-history":[{"count":1,"href":"https:\/\/medtradix.de\/en\/wp-json\/wp\/v2\/pages\/138\/revisions"}],"predecessor-version":[{"id":143,"href":"https:\/\/medtradix.de\/en\/wp-json\/wp\/v2\/pages\/138\/revisions\/143"}],"wp:attachment":[{"href":"https:\/\/medtradix.de\/en\/wp-json\/wp\/v2\/media?parent=138"}],"curies":[{"name":"wp","href":"https:\/\/api.w.org\/{rel}","templated":true}]}}